{"id":6120,"date":"2023-08-02T14:29:31","date_gmt":"2023-08-02T14:29:31","guid":{"rendered":"https:\/\/peakway.eu\/noticies\/"},"modified":"2025-12-09T12:04:13","modified_gmt":"2025-12-09T11:04:13","slug":"noticies","status":"publish","type":"page","link":"https:\/\/peakway.eu\/ca\/noticies\/","title":{"rendered":"Not\u00edcies"},"content":{"rendered":"\t\t<div data-elementor-type=\"wp-page\" data-elementor-id=\"6120\" class=\"elementor elementor-6120\" data-elementor-post-type=\"page\">\n\t\t\t\t\t\t<section class=\"elementor-section elementor-top-section elementor-element elementor-element-1ecea8d5 elementor-section-height-min-height elementor-section-boxed elementor-section-height-default elementor-section-items-middle\" data-id=\"1ecea8d5\" data-element_type=\"section\" data-e-type=\"section\" data-settings=\"{&quot;background_background&quot;:&quot;classic&quot;}\">\n\t\t\t\t\t\t<div class=\"elementor-container elementor-column-gap-default\">\n\t\t\t\t\t<div class=\"elementor-column elementor-col-100 elementor-top-column elementor-element elementor-element-61756bcf\" data-id=\"61756bcf\" data-element_type=\"column\" data-e-type=\"column\">\n\t\t\t<div class=\"elementor-widget-wrap elementor-element-populated\">\n\t\t\t\t\t\t<div class=\"elementor-element elementor-element-5a1350e2 elementor-widget elementor-widget-heading\" data-id=\"5a1350e2\" data-element_type=\"widget\" data-e-type=\"widget\" data-widget_type=\"heading.default\">\n\t\t\t\t<div class=\"elementor-widget-container\">\n\t\t\t\t\t<h1 class=\"elementor-heading-title elementor-size-default\">Not\u00edcies<\/h1>\t\t\t\t<\/div>\n\t\t\t\t<\/div>\n\t\t\t\t<div class=\"elementor-element elementor-element-479c49fd elementor-widget elementor-widget-breadcrumb_widget\" data-id=\"479c49fd\" data-element_type=\"widget\" data-e-type=\"widget\" data-widget_type=\"breadcrumb_widget.default\">\n\t\t\t\t<div class=\"elementor-widget-container\">\n\t\t\t\t\t<div class=\"pb-breadcrumb\">\r\n\t<a>Home<\/a>\r\n\t<i class=\"fal fa-chevron-right\"><\/i>\r\n\t\t<a>Not\u00edcies<\/a>\r\n<\/div>\t\t\t\t<\/div>\n\t\t\t\t<\/div>\n\t\t\t\t\t<\/div>\n\t\t<\/div>\n\t\t\t\t\t<\/div>\n\t\t<\/section>\n\t\t\t\t<section class=\"elementor-section elementor-top-section elementor-element elementor-element-963a50a elementor-section-boxed elementor-section-height-default elementor-section-height-default\" data-id=\"963a50a\" data-element_type=\"section\" data-e-type=\"section\">\n\t\t\t\t\t\t<div class=\"elementor-container elementor-column-gap-default\">\n\t\t\t\t\t<div class=\"elementor-column elementor-col-100 elementor-top-column elementor-element elementor-element-ba909cd\" data-id=\"ba909cd\" data-element_type=\"column\" data-e-type=\"column\">\n\t\t\t<div class=\"elementor-widget-wrap elementor-element-populated\">\n\t\t\t\t\t\t<div class=\"elementor-element elementor-element-3c6f3aa elementor-widget elementor-widget-text-editor\" data-id=\"3c6f3aa\" data-element_type=\"widget\" data-e-type=\"widget\" data-widget_type=\"text-editor.default\">\n\t\t\t\t<div class=\"elementor-widget-container\">\n\t\t\t\t\t\t\t\t\t<p>\u00a0<\/p>\n<p>\u00a0<\/p>\n<p>\u00a0<\/p>\n<p>\u00a0<\/p>\n\t\t\t\t\t\t\t\t<\/div>\n\t\t\t\t<\/div>\n\t\t\t\t\t<\/div>\n\t\t<\/div>\n\t\t\t\t\t<\/div>\n\t\t<\/section>\n\t\t\t\t<section class=\"elementor-section elementor-top-section elementor-element elementor-element-af1b596 elementor-section-boxed elementor-section-height-default elementor-section-height-default\" data-id=\"af1b596\" data-element_type=\"section\" data-e-type=\"section\">\n\t\t\t\t\t\t<div class=\"elementor-container elementor-column-gap-default\">\n\t\t\t\t\t<div class=\"elementor-column elementor-col-100 elementor-top-column elementor-element elementor-element-cf84017\" data-id=\"cf84017\" data-element_type=\"column\" data-e-type=\"column\">\n\t\t\t<div class=\"elementor-widget-wrap elementor-element-populated\">\n\t\t\t\t\t\t<div class=\"elementor-element elementor-element-b593706 elementor-widget elementor-widget-text-editor\" data-id=\"b593706\" data-element_type=\"widget\" data-e-type=\"widget\" data-widget_type=\"text-editor.default\">\n\t\t\t\t<div class=\"elementor-widget-container\">\n\t\t\t\t\t\t\t\t\t<p>Not\u00edcies destacades<\/p>\t\t\t\t\t\t\t\t<\/div>\n\t\t\t\t<\/div>\n\t\t\t\t\t<\/div>\n\t\t<\/div>\n\t\t\t\t\t<\/div>\n\t\t<\/section>\n\t\t\t\t<section class=\"elementor-section elementor-top-section elementor-element elementor-element-fd66206 elementor-section-boxed elementor-section-height-default elementor-section-height-default\" data-id=\"fd66206\" data-element_type=\"section\" data-e-type=\"section\">\n\t\t\t\t\t\t<div class=\"elementor-container elementor-column-gap-default\">\n\t\t\t\t\t<div class=\"elementor-column elementor-col-100 elementor-top-column elementor-element elementor-element-84532ab\" data-id=\"84532ab\" data-element_type=\"column\" data-e-type=\"column\">\n\t\t\t<div class=\"elementor-widget-wrap elementor-element-populated\">\n\t\t\t\t\t\t<div class=\"elementor-element elementor-element-5ac4909 elementor-widget elementor-widget-elementskit-blog-posts\" data-id=\"5ac4909\" data-element_type=\"widget\" data-e-type=\"widget\" data-widget_type=\"elementskit-blog-posts.default\">\n\t\t\t\t<div class=\"elementor-widget-container\">\n\t\t\t\t\t<div class=\"ekit-wid-con\" >        <div id=\"post-items--5ac4909\" class=\"row post-items\">\n                    <div class=\"col-lg-4 col-md-6\">\n\n                                    <div class=\"elementskit-post-image-card\">\n                        <div class=\"elementskit-entry-header\">\n                                                            <a href=\"https:\/\/peakway.eu\/ca\/peakway-reconeguda-per-la-seva-excellencia-en-la-gestio-empresarial\/\" class=\"elementskit-entry-thumb\">\n                                    <img decoding=\"async\" src=\"https:\/\/peakway.eu\/wp-content\/uploads\/2025\/12\/CIEGE-2025-1024x683.jpg\" alt=\"PEAKWAY Reconeguda per la seva excel\u00b7l\u00e8ncia en la gesti\u00f3 empresarial\">\n                                <\/a><!-- .elementskit-entry-thumb END -->\n                                                            \n                            \n\t\t\t\t\t\t\t\t\t\t\t\t\t<\/div><!-- .elementskit-entry-header END -->\n\n\t\t\t\t\t\t<div class=\"elementskit-post-body \">\n\t\t\t\t\t\t\t\n\t\t\t\t\t\t\t\t\t\t\t\t\t\t\t\t\t\t\t\t\t\t\t\t\t\t\t\t\t\t\n\t\t\t\t\t\t\t\t\n\t\t\t\t\t\t\t\t\t\t\t\t\t\t\t\t\t\t\t\t\t<h2 class=\"entry-title\">\n\t\t\t\t\t<a href=\"https:\/\/peakway.eu\/ca\/peakway-reconeguda-per-la-seva-excellencia-en-la-gestio-empresarial\/\">\n\t\t\t\t\t\tPEAKWAY Reconeguda per la seva excel\u00b7l\u00e8ncia en la gesti\u00f3&hellip;\t\t\t\t\t<\/a>\n\t\t\t\t<\/h2>\n\t\t\t\t\t\t\t\t\t\t\t\t\t\t\t\t\t\t\t\t\t\t\t\t\t\t\t\t\t\t\t\t                                                            <div class=\"btn-wraper\">\n                                    \n                                                                            <a class=\"elementskit-btn whitespace--normal\" id=\"\" href=\"https:\/\/peakway.eu\/ca\/peakway-reconeguda-per-la-seva-excellencia-en-la-gestio-empresarial\/\">\n                                        \t                                            Llegir m\u00e9s                                        <\/a>\n                                                                    <\/div>\n                                                    <\/div><!-- .elementskit-post-body END -->\n                    <\/div>\n                \n            <\/div>\n                    <div class=\"col-lg-4 col-md-6\">\n\n                                    <div class=\"elementskit-post-image-card\">\n                        <div class=\"elementskit-entry-header\">\n                                                            <a href=\"https:\/\/peakway.eu\/ca\/peakway-participant-al-partners-day-2025\/\" class=\"elementskit-entry-thumb\">\n                                    <img decoding=\"async\" src=\"https:\/\/peakway.eu\/wp-content\/uploads\/2025\/12\/Partners-Day-2025-Signaturit-1024x683.jpeg\" alt=\"PEAKWAY Participant al Partners Day 2025\">\n                                <\/a><!-- .elementskit-entry-thumb END -->\n                                                            \n                            \n\t\t\t\t\t\t\t\t\t\t\t\t\t<\/div><!-- .elementskit-entry-header END -->\n\n\t\t\t\t\t\t<div class=\"elementskit-post-body \">\n\t\t\t\t\t\t\t\n\t\t\t\t\t\t\t\t\t\t\t\t\t\t\t\t\t\t\t\t\t\t\t\t\t\t\t\t\t\t\n\t\t\t\t\t\t\t\t\n\t\t\t\t\t\t\t\t\t\t\t\t\t\t\t\t\t\t\t\t\t<h2 class=\"entry-title\">\n\t\t\t\t\t<a href=\"https:\/\/peakway.eu\/ca\/peakway-participant-al-partners-day-2025\/\">\n\t\t\t\t\t\tPEAKWAY Participant al Partners Day 2025\t\t\t\t\t<\/a>\n\t\t\t\t<\/h2>\n\t\t\t\t\t\t\t\t\t\t\t\t\t\t\t\t\t\t\t\t\t\t\t\t\t\t\t\t\t\t\t\t                                                            <div class=\"btn-wraper\">\n                                    \n                                                                            <a class=\"elementskit-btn whitespace--normal\" id=\"\" href=\"https:\/\/peakway.eu\/ca\/peakway-participant-al-partners-day-2025\/\">\n                                        \t                                            Llegir m\u00e9s                                        <\/a>\n                                                                    <\/div>\n                                                    <\/div><!-- .elementskit-post-body END -->\n                    <\/div>\n                \n            <\/div>\n                    <div class=\"col-lg-4 col-md-6\">\n\n                                    <div class=\"elementskit-post-image-card\">\n                        <div class=\"elementskit-entry-header\">\n                                                            <a href=\"https:\/\/peakway.eu\/ca\/accountex-2025-congres-per-a-despatxos-professionals-assessories-i-empreses\/\" class=\"elementskit-entry-thumb\">\n                                    <img decoding=\"async\" src=\"https:\/\/peakway.eu\/wp-content\/uploads\/2025\/03\/ACCOUNTEX-2025-TEAM-1024x768.jpg\" alt=\"ACCOUNTEX 2025: Congr\u00e9s per a despatxos professionals, assessories i empreses\">\n                                <\/a><!-- .elementskit-entry-thumb END -->\n                                                            \n                            \n\t\t\t\t\t\t\t\t\t\t\t\t\t<\/div><!-- .elementskit-entry-header END -->\n\n\t\t\t\t\t\t<div class=\"elementskit-post-body \">\n\t\t\t\t\t\t\t\n\t\t\t\t\t\t\t\t\t\t\t\t\t\t\t\t\t\t\t\t\t\t\t\t\t\t\t\t\t\t\n\t\t\t\t\t\t\t\t\n\t\t\t\t\t\t\t\t\t\t\t\t\t\t\t\t\t\t\t\t\t<h2 class=\"entry-title\">\n\t\t\t\t\t<a href=\"https:\/\/peakway.eu\/ca\/accountex-2025-congres-per-a-despatxos-professionals-assessories-i-empreses\/\">\n\t\t\t\t\t\tACCOUNTEX 2025: Congr\u00e9s per a despatxos professionals, assessories i&hellip;\t\t\t\t\t<\/a>\n\t\t\t\t<\/h2>\n\t\t\t\t\t\t\t\t\t\t\t\t\t\t\t\t\t\t\t\t\t\t\t\t\t\t\t\t\t\t\t\t                                                            <div class=\"btn-wraper\">\n                                    \n                                                                            <a class=\"elementskit-btn whitespace--normal\" id=\"\" href=\"https:\/\/peakway.eu\/ca\/accountex-2025-congres-per-a-despatxos-professionals-assessories-i-empreses\/\">\n                                        \t                                            Llegir m\u00e9s                                        <\/a>\n                                                                    <\/div>\n                                                    <\/div><!-- .elementskit-post-body END -->\n                    <\/div>\n                \n            <\/div>\n                <\/div>\n       <\/div>\t\t\t\t<\/div>\n\t\t\t\t<\/div>\n\t\t\t\t\t<\/div>\n\t\t<\/div>\n\t\t\t\t\t<\/div>\n\t\t<\/section>\n\t\t\t\t<\/div>\n\t\t","protected":false},"excerpt":{"rendered":"<p>Not\u00edcies Home Not\u00edcies \u00a0 \u00a0 \u00a0 \u00a0 Not\u00edcies destacades PEAKWAY Reconeguda per la seva excel\u00b7l\u00e8ncia en la gesti\u00f3&hellip; Llegir m\u00e9s PEAKWAY Participant al Partners Day 2025 Llegir m\u00e9s ACCOUNTEX 2025: Congr\u00e9s per a despatxos professionals, assessories i&hellip; Llegir m\u00e9s<\/p>\n","protected":false},"author":3,"featured_media":0,"parent":0,"menu_order":0,"comment_status":"closed","ping_status":"closed","template":"","meta":{"inline_featured_image":false,"footnotes":""},"class_list":["post-6120","page","type-page","status-publish","hentry"],"yoast_head":"<!-- This site is optimized with the Yoast SEO plugin v27.4 - https:\/\/yoast.com\/product\/yoast-seo-wordpress\/ -->\n<title>\u00daltimes Not\u00edcies sobre Transformaci\u00f3 Digital | Peakway<\/title>\n<meta name=\"description\" content=\"Explora les \u00faltimes not\u00edcies i avan\u00e7os en la transformaci\u00f3 digital empresarial amb Peakway. Descobreix com les nostres solucions innovadores estan ajudant les empreses a abra\u00e7ar la tecnologia i aconseguir l&#039;\u00e8xit en l&#039;era digital.\" \/>\n<meta name=\"robots\" content=\"index, follow, max-snippet:-1, max-image-preview:large, max-video-preview:-1\" \/>\n<link rel=\"canonical\" href=\"https:\/\/peakway.eu\/ca\/noticies\/\" \/>\n<meta property=\"og:locale\" content=\"ca_ES\" \/>\n<meta property=\"og:type\" content=\"article\" \/>\n<meta property=\"og:title\" content=\"\u00daltimes Not\u00edcies sobre Transformaci\u00f3 Digital | Peakway\" \/>\n<meta property=\"og:description\" content=\"Explora les \u00faltimes not\u00edcies i avan\u00e7os en la transformaci\u00f3 digital empresarial amb Peakway. Descobreix com les nostres solucions innovadores estan ajudant les empreses a abra\u00e7ar la tecnologia i aconseguir l&#039;\u00e8xit en l&#039;era digital.\" \/>\n<meta property=\"og:url\" content=\"https:\/\/peakway.eu\/ca\/noticies\/\" \/>\n<meta property=\"og:site_name\" content=\"Peakway\" \/>\n<meta property=\"article:modified_time\" content=\"2025-12-09T11:04:13+00:00\" \/>\n<meta property=\"og:image\" content=\"https:\/\/peakway.eu\/wp-content\/uploads\/2025\/12\/CIEGE-2025-1024x683.jpg\" \/>\n<meta name=\"twitter:card\" content=\"summary_large_image\" \/>\n<meta name=\"twitter:label1\" content=\"Temps estimat de lectura\" \/>\n\t<meta name=\"twitter:data1\" content=\"1 minut\" \/>\n<script type=\"application\/ld+json\" class=\"yoast-schema-graph\">{\"@context\":\"https:\\\/\\\/schema.org\",\"@graph\":[{\"@type\":\"WebPage\",\"@id\":\"https:\\\/\\\/peakway.eu\\\/ca\\\/noticies\\\/\",\"url\":\"https:\\\/\\\/peakway.eu\\\/ca\\\/noticies\\\/\",\"name\":\"\u00daltimes Not\u00edcies sobre Transformaci\u00f3 Digital | Peakway\",\"isPartOf\":{\"@id\":\"www.peakway.rwdesarrollos.es\\\/#website\"},\"primaryImageOfPage\":{\"@id\":\"https:\\\/\\\/peakway.eu\\\/ca\\\/noticies\\\/#primaryimage\"},\"image\":{\"@id\":\"https:\\\/\\\/peakway.eu\\\/ca\\\/noticies\\\/#primaryimage\"},\"thumbnailUrl\":\"https:\\\/\\\/peakway.eu\\\/wp-content\\\/uploads\\\/2025\\\/12\\\/CIEGE-2025-1024x683.jpg\",\"datePublished\":\"2023-08-02T14:29:31+00:00\",\"dateModified\":\"2025-12-09T11:04:13+00:00\",\"description\":\"Explora les \u00faltimes not\u00edcies i avan\u00e7os en la transformaci\u00f3 digital empresarial amb Peakway. Descobreix com les nostres solucions innovadores estan ajudant les empreses a abra\u00e7ar la tecnologia i aconseguir l'\u00e8xit en l'era digital.\",\"breadcrumb\":{\"@id\":\"https:\\\/\\\/peakway.eu\\\/ca\\\/noticies\\\/#breadcrumb\"},\"inLanguage\":\"ca\",\"potentialAction\":[{\"@type\":\"ReadAction\",\"target\":[\"https:\\\/\\\/peakway.eu\\\/ca\\\/noticies\\\/\"]}]},{\"@type\":\"ImageObject\",\"inLanguage\":\"ca\",\"@id\":\"https:\\\/\\\/peakway.eu\\\/ca\\\/noticies\\\/#primaryimage\",\"url\":\"https:\\\/\\\/peakway.eu\\\/wp-content\\\/uploads\\\/2025\\\/12\\\/CIEGE-2025-1024x683.jpg\",\"contentUrl\":\"https:\\\/\\\/peakway.eu\\\/wp-content\\\/uploads\\\/2025\\\/12\\\/CIEGE-2025-1024x683.jpg\"},{\"@type\":\"BreadcrumbList\",\"@id\":\"https:\\\/\\\/peakway.eu\\\/ca\\\/noticies\\\/#breadcrumb\",\"itemListElement\":[{\"@type\":\"ListItem\",\"position\":1,\"name\":\"Home\",\"item\":\"https:\\\/\\\/peakway.eu\\\/\"},{\"@type\":\"ListItem\",\"position\":2,\"name\":\"Not\u00edcies\"}]},{\"@type\":\"WebSite\",\"@id\":\"www.peakway.rwdesarrollos.es\\\/#website\",\"url\":\"www.peakway.rwdesarrollos.es\\\/\",\"name\":\"Peakway\",\"description\":\"\",\"potentialAction\":[{\"@type\":\"SearchAction\",\"target\":{\"@type\":\"EntryPoint\",\"urlTemplate\":\"www.peakway.rwdesarrollos.es\\\/?s={search_term_string}\"},\"query-input\":{\"@type\":\"PropertyValueSpecification\",\"valueRequired\":true,\"valueName\":\"search_term_string\"}}],\"inLanguage\":\"ca\"}]}<\/script>\n<!-- \/ Yoast SEO plugin. -->","yoast_head_json":{"title":"\u00daltimes Not\u00edcies sobre Transformaci\u00f3 Digital | Peakway","description":"Explora les \u00faltimes not\u00edcies i avan\u00e7os en la transformaci\u00f3 digital empresarial amb Peakway. Descobreix com les nostres solucions innovadores estan ajudant les empreses a abra\u00e7ar la tecnologia i aconseguir l'\u00e8xit en l'era digital.","robots":{"index":"index","follow":"follow","max-snippet":"max-snippet:-1","max-image-preview":"max-image-preview:large","max-video-preview":"max-video-preview:-1"},"canonical":"https:\/\/peakway.eu\/ca\/noticies\/","og_locale":"ca_ES","og_type":"article","og_title":"\u00daltimes Not\u00edcies sobre Transformaci\u00f3 Digital | Peakway","og_description":"Explora les \u00faltimes not\u00edcies i avan\u00e7os en la transformaci\u00f3 digital empresarial amb Peakway. Descobreix com les nostres solucions innovadores estan ajudant les empreses a abra\u00e7ar la tecnologia i aconseguir l'\u00e8xit en l'era digital.","og_url":"https:\/\/peakway.eu\/ca\/noticies\/","og_site_name":"Peakway","article_modified_time":"2025-12-09T11:04:13+00:00","og_image":[{"url":"https:\/\/peakway.eu\/wp-content\/uploads\/2025\/12\/CIEGE-2025-1024x683.jpg","type":"","width":"","height":""}],"twitter_card":"summary_large_image","twitter_misc":{"Temps estimat de lectura":"1 minut"},"schema":{"@context":"https:\/\/schema.org","@graph":[{"@type":"WebPage","@id":"https:\/\/peakway.eu\/ca\/noticies\/","url":"https:\/\/peakway.eu\/ca\/noticies\/","name":"\u00daltimes Not\u00edcies sobre Transformaci\u00f3 Digital | Peakway","isPartOf":{"@id":"www.peakway.rwdesarrollos.es\/#website"},"primaryImageOfPage":{"@id":"https:\/\/peakway.eu\/ca\/noticies\/#primaryimage"},"image":{"@id":"https:\/\/peakway.eu\/ca\/noticies\/#primaryimage"},"thumbnailUrl":"https:\/\/peakway.eu\/wp-content\/uploads\/2025\/12\/CIEGE-2025-1024x683.jpg","datePublished":"2023-08-02T14:29:31+00:00","dateModified":"2025-12-09T11:04:13+00:00","description":"Explora les \u00faltimes not\u00edcies i avan\u00e7os en la transformaci\u00f3 digital empresarial amb Peakway. Descobreix com les nostres solucions innovadores estan ajudant les empreses a abra\u00e7ar la tecnologia i aconseguir l'\u00e8xit en l'era digital.","breadcrumb":{"@id":"https:\/\/peakway.eu\/ca\/noticies\/#breadcrumb"},"inLanguage":"ca","potentialAction":[{"@type":"ReadAction","target":["https:\/\/peakway.eu\/ca\/noticies\/"]}]},{"@type":"ImageObject","inLanguage":"ca","@id":"https:\/\/peakway.eu\/ca\/noticies\/#primaryimage","url":"https:\/\/peakway.eu\/wp-content\/uploads\/2025\/12\/CIEGE-2025-1024x683.jpg","contentUrl":"https:\/\/peakway.eu\/wp-content\/uploads\/2025\/12\/CIEGE-2025-1024x683.jpg"},{"@type":"BreadcrumbList","@id":"https:\/\/peakway.eu\/ca\/noticies\/#breadcrumb","itemListElement":[{"@type":"ListItem","position":1,"name":"Home","item":"https:\/\/peakway.eu\/"},{"@type":"ListItem","position":2,"name":"Not\u00edcies"}]},{"@type":"WebSite","@id":"www.peakway.rwdesarrollos.es\/#website","url":"www.peakway.rwdesarrollos.es\/","name":"Peakway","description":"","potentialAction":[{"@type":"SearchAction","target":{"@type":"EntryPoint","urlTemplate":"www.peakway.rwdesarrollos.es\/?s={search_term_string}"},"query-input":{"@type":"PropertyValueSpecification","valueRequired":true,"valueName":"search_term_string"}}],"inLanguage":"ca"}]}},"_links":{"self":[{"href":"https:\/\/peakway.eu\/ca\/wp-json\/wp\/v2\/pages\/6120","targetHints":{"allow":["GET"]}}],"collection":[{"href":"https:\/\/peakway.eu\/ca\/wp-json\/wp\/v2\/pages"}],"about":[{"href":"https:\/\/peakway.eu\/ca\/wp-json\/wp\/v2\/types\/page"}],"author":[{"embeddable":true,"href":"https:\/\/peakway.eu\/ca\/wp-json\/wp\/v2\/users\/3"}],"replies":[{"embeddable":true,"href":"https:\/\/peakway.eu\/ca\/wp-json\/wp\/v2\/comments?post=6120"}],"version-history":[{"count":56,"href":"https:\/\/peakway.eu\/ca\/wp-json\/wp\/v2\/pages\/6120\/revisions"}],"predecessor-version":[{"id":8553,"href":"https:\/\/peakway.eu\/ca\/wp-json\/wp\/v2\/pages\/6120\/revisions\/8553"}],"wp:attachment":[{"href":"https:\/\/peakway.eu\/ca\/wp-json\/wp\/v2\/media?parent=6120"}],"curies":[{"name":"wp","href":"https:\/\/api.w.org\/{rel}","templated":true}]}}