{"id":6153,"date":"2023-08-02T15:30:21","date_gmt":"2023-08-02T15:30:21","guid":{"rendered":"https:\/\/peakway.eu\/productes\/aplicacio-dinspeccions\/"},"modified":"2024-06-11T09:18:56","modified_gmt":"2024-06-11T08:18:56","slug":"aplicacio-dinspeccions","status":"publish","type":"page","link":"https:\/\/peakway.eu\/ca\/productes\/aplicacio-dinspeccions\/","title":{"rendered":"Aplicaci\u00f3 d&#8217;Inspeccions"},"content":{"rendered":"\t\t<div data-elementor-type=\"wp-page\" data-elementor-id=\"6153\" class=\"elementor elementor-6153\" data-elementor-post-type=\"page\">\n\t\t\t\t\t\t<section class=\"elementor-section elementor-top-section elementor-element elementor-element-6d9fca2a elementor-section-height-min-height elementor-section-boxed elementor-section-height-default elementor-section-items-middle\" data-id=\"6d9fca2a\" data-element_type=\"section\" data-e-type=\"section\" data-settings=\"{&quot;background_background&quot;:&quot;classic&quot;}\">\n\t\t\t\t\t\t<div class=\"elementor-container elementor-column-gap-default\">\n\t\t\t\t\t<div class=\"elementor-column elementor-col-100 elementor-top-column elementor-element elementor-element-6820bb0f\" data-id=\"6820bb0f\" data-element_type=\"column\" data-e-type=\"column\">\n\t\t\t<div class=\"elementor-widget-wrap elementor-element-populated\">\n\t\t\t\t\t\t<div class=\"elementor-element elementor-element-7984e823 elementor-widget elementor-widget-heading\" data-id=\"7984e823\" data-element_type=\"widget\" data-e-type=\"widget\" data-widget_type=\"heading.default\">\n\t\t\t\t<div class=\"elementor-widget-container\">\n\t\t\t\t\t<h1 class=\"elementor-heading-title elementor-size-default\">Aplicaci\u00f3 m\u00f2bil per a inspeccions\n<\/h1>\t\t\t\t<\/div>\n\t\t\t\t<\/div>\n\t\t\t\t<div class=\"elementor-element elementor-element-25d0d850 elementor-widget elementor-widget-breadcrumb_widget\" data-id=\"25d0d850\" data-element_type=\"widget\" data-e-type=\"widget\" data-widget_type=\"breadcrumb_widget.default\">\n\t\t\t\t<div class=\"elementor-widget-container\">\n\t\t\t\t\t<div class=\"pb-breadcrumb\">\r\n\t<a>Home<\/a>\r\n\t<i class=\"fal fa-chevron-right\"><\/i>\r\n\t\t<a>Productes<\/a>\r\n\t<i class=\"fal fa-chevron-right\"><\/i>\r\n\t\t<a>Aplicaci\u00f3 d&#8217;Inspeccions<\/a>\r\n<\/div>\t\t\t\t<\/div>\n\t\t\t\t<\/div>\n\t\t\t\t\t<\/div>\n\t\t<\/div>\n\t\t\t\t\t<\/div>\n\t\t<\/section>\n\t\t\t\t<section class=\"elementor-section elementor-top-section elementor-element elementor-element-5b09c684 elementor-section-boxed elementor-section-height-default elementor-section-height-default\" data-id=\"5b09c684\" data-element_type=\"section\" data-e-type=\"section\">\n\t\t\t\t\t\t<div class=\"elementor-container elementor-column-gap-default\">\n\t\t\t\t\t<div class=\"elementor-column elementor-col-50 elementor-top-column elementor-element elementor-element-5b8ece3\" data-id=\"5b8ece3\" data-element_type=\"column\" data-e-type=\"column\">\n\t\t\t<div class=\"elementor-widget-wrap elementor-element-populated\">\n\t\t\t\t\t\t<div class=\"elementor-element elementor-element-e886394 elementor-widget elementor-widget-image\" data-id=\"e886394\" data-element_type=\"widget\" data-e-type=\"widget\" data-widget_type=\"image.default\">\n\t\t\t\t<div class=\"elementor-widget-container\">\n\t\t\t\t\t\t\t\t\t\t\t\t\t\t\t<img fetchpriority=\"high\" decoding=\"async\" width=\"640\" height=\"480\" src=\"https:\/\/peakway.eu\/wp-content\/uploads\/2023\/07\/1205044575263663.EhlI4m3Q2QLXZSWWGwG6_height640.png\" class=\"attachment-full size-full wp-image-6070\" alt=\"\" srcset=\"https:\/\/peakway.eu\/wp-content\/uploads\/2023\/07\/1205044575263663.EhlI4m3Q2QLXZSWWGwG6_height640.png 640w, https:\/\/peakway.eu\/wp-content\/uploads\/2023\/07\/1205044575263663.EhlI4m3Q2QLXZSWWGwG6_height640-300x225.png 300w\" sizes=\"(max-width: 640px) 100vw, 640px\" \/>\t\t\t\t\t\t\t\t\t\t\t\t\t\t\t<\/div>\n\t\t\t\t<\/div>\n\t\t\t\t\t<\/div>\n\t\t<\/div>\n\t\t\t\t<div class=\"elementor-column elementor-col-50 elementor-top-column elementor-element elementor-element-14da1183\" data-id=\"14da1183\" data-element_type=\"column\" data-e-type=\"column\">\n\t\t\t<div class=\"elementor-widget-wrap elementor-element-populated\">\n\t\t\t\t\t\t<section class=\"elementor-section elementor-inner-section elementor-element elementor-element-3abfc45b elementor-section-boxed elementor-section-height-default elementor-section-height-default\" data-id=\"3abfc45b\" data-element_type=\"section\" data-e-type=\"section\">\n\t\t\t\t\t\t<div class=\"elementor-container elementor-column-gap-default\">\n\t\t\t\t\t<div class=\"elementor-column elementor-col-100 elementor-inner-column elementor-element elementor-element-5eb36c7\" data-id=\"5eb36c7\" data-element_type=\"column\" data-e-type=\"column\">\n\t\t\t<div class=\"elementor-widget-wrap elementor-element-populated\">\n\t\t\t\t\t\t<div class=\"elementor-element elementor-element-2057b768 elementor-widget elementor-widget-heading\" data-id=\"2057b768\" data-element_type=\"widget\" data-e-type=\"widget\" data-widget_type=\"heading.default\">\n\t\t\t\t<div class=\"elementor-widget-container\">\n\t\t\t\t\t<h5 class=\"elementor-heading-title elementor-size-default\">Automatitzaci\u00f3 de processos en mobilitat<\/h5>\t\t\t\t<\/div>\n\t\t\t\t<\/div>\n\t\t\t\t\t<\/div>\n\t\t<\/div>\n\t\t\t\t\t<\/div>\n\t\t<\/section>\n\t\t\t\t<section class=\"elementor-section elementor-inner-section elementor-element elementor-element-38f172d2 elementor-section-boxed elementor-section-height-default elementor-section-height-default\" data-id=\"38f172d2\" data-element_type=\"section\" data-e-type=\"section\">\n\t\t\t\t\t\t<div class=\"elementor-container elementor-column-gap-default\">\n\t\t\t\t\t<div class=\"elementor-column elementor-col-100 elementor-inner-column elementor-element elementor-element-632aeb98\" data-id=\"632aeb98\" data-element_type=\"column\" data-e-type=\"column\">\n\t\t\t<div class=\"elementor-widget-wrap elementor-element-populated\">\n\t\t\t\t\t\t<div class=\"elementor-element elementor-element-7a496227 elementor-widget elementor-widget-text-editor\" data-id=\"7a496227\" data-element_type=\"widget\" data-e-type=\"widget\" data-widget_type=\"text-editor.default\">\n\t\t\t\t<div class=\"elementor-widget-container\">\n\t\t\t\t\t\t\t\t\t<p>Digitalitzar processos en mobilitat pot semblar trivial, per\u00f2 amb els actuals sistemes de gesti\u00f3 d&#8217;expedients implantats al mercat no \u00e9s tan f\u00e0cil. Desenvolupem solucions en pocs dies, de manera r\u00e0pida i fins i tot formem els usuaris perqu\u00e8 puguin desenvolupar les seves solucions.<\/p><p>\u00a0<\/p><p>Amb Gladtolink, plataforma no code, disposem de funcionalitat de gestor documental, motor de processos, creaci\u00f3 d&#8217;aplicacions m\u00f2bils, integraci\u00f3 amb els serveis de signatura electr\u00f2nica Vidsigner i integraci\u00f3 amb serveis blockchain per a certificaci\u00f3.<\/p>\t\t\t\t\t\t\t\t<\/div>\n\t\t\t\t<\/div>\n\t\t\t\t\t<\/div>\n\t\t<\/div>\n\t\t\t\t\t<\/div>\n\t\t<\/section>\n\t\t\t\t\t<\/div>\n\t\t<\/div>\n\t\t\t\t\t<\/div>\n\t\t<\/section>\n\t\t\t\t<section class=\"elementor-section elementor-top-section elementor-element elementor-element-4ef2546a elementor-section-content-middle elementor-section-boxed elementor-section-height-default elementor-section-height-default\" data-id=\"4ef2546a\" data-element_type=\"section\" data-e-type=\"section\">\n\t\t\t\t\t\t<div class=\"elementor-container elementor-column-gap-default\">\n\t\t\t\t\t<div class=\"elementor-column elementor-col-100 elementor-top-column elementor-element elementor-element-724ece\" data-id=\"724ece\" data-element_type=\"column\" data-e-type=\"column\">\n\t\t\t<div class=\"elementor-widget-wrap elementor-element-populated\">\n\t\t\t\t\t\t<div class=\"elementor-element elementor-element-13d25c9c elementor-widget elementor-widget-heading\" data-id=\"13d25c9c\" data-element_type=\"widget\" data-e-type=\"widget\" data-widget_type=\"heading.default\">\n\t\t\t\t<div class=\"elementor-widget-container\">\n\t\t\t\t\t<h2 class=\"elementor-heading-title elementor-size-default\">CAS D'\u00c8XIT: AJUNTAMENT DE CUNIT<\/h2>\t\t\t\t<\/div>\n\t\t\t\t<\/div>\n\t\t\t\t<div class=\"elementor-element elementor-element-e60504c elementor-widget__width-initial elementor-widget elementor-widget-video\" data-id=\"e60504c\" data-element_type=\"widget\" data-e-type=\"widget\" data-settings=\"{&quot;youtube_url&quot;:&quot;https:\\\/\\\/www.youtube.com\\\/watch?v=ahvfXDqlrog&amp;ab_channel=marketinggladtolink&quot;,&quot;video_type&quot;:&quot;youtube&quot;,&quot;controls&quot;:&quot;yes&quot;}\" data-widget_type=\"video.default\">\n\t\t\t\t<div class=\"elementor-widget-container\">\n\t\t\t\t\t\t\t<div class=\"elementor-wrapper elementor-open-inline\">\n\t\t\t<div class=\"elementor-video\"><\/div>\t\t<\/div>\n\t\t\t\t\t\t<\/div>\n\t\t\t\t<\/div>\n\t\t\t\t\t<\/div>\n\t\t<\/div>\n\t\t\t\t\t<\/div>\n\t\t<\/section>\n\t\t\t\t<section class=\"elementor-section elementor-top-section elementor-element elementor-element-8146975 elementor-section-boxed elementor-section-height-default elementor-section-height-default\" data-id=\"8146975\" data-element_type=\"section\" data-e-type=\"section\">\n\t\t\t\t\t\t<div class=\"elementor-container elementor-column-gap-default\">\n\t\t\t\t\t<div class=\"elementor-column elementor-col-100 elementor-top-column elementor-element elementor-element-36e396c\" data-id=\"36e396c\" data-element_type=\"column\" data-e-type=\"column\">\n\t\t\t<div class=\"elementor-widget-wrap elementor-element-populated\">\n\t\t\t\t\t\t<section class=\"elementor-section elementor-inner-section elementor-element elementor-element-2042643 elementor-section-boxed elementor-section-height-default elementor-section-height-default\" data-id=\"2042643\" data-element_type=\"section\" data-e-type=\"section\">\n\t\t\t\t\t\t<div class=\"elementor-container elementor-column-gap-default\">\n\t\t\t\t\t<div class=\"elementor-column elementor-col-100 elementor-inner-column elementor-element elementor-element-4466eb4\" data-id=\"4466eb4\" data-element_type=\"column\" data-e-type=\"column\">\n\t\t\t<div class=\"elementor-widget-wrap elementor-element-populated\">\n\t\t\t\t\t\t<div class=\"elementor-element elementor-element-fdbe4c0 elementor-arrows-position-inside elementor-pagination-position-outside elementor-widget elementor-widget-image-carousel\" data-id=\"fdbe4c0\" data-element_type=\"widget\" data-e-type=\"widget\" data-settings=\"{&quot;navigation&quot;:&quot;both&quot;,&quot;autoplay&quot;:&quot;yes&quot;,&quot;pause_on_hover&quot;:&quot;yes&quot;,&quot;pause_on_interaction&quot;:&quot;yes&quot;,&quot;autoplay_speed&quot;:5000,&quot;infinite&quot;:&quot;yes&quot;,&quot;speed&quot;:500}\" data-widget_type=\"image-carousel.default\">\n\t\t\t\t<div class=\"elementor-widget-container\">\n\t\t\t\t\t\t\t<div class=\"elementor-image-carousel-wrapper swiper\" role=\"region\" aria-roledescription=\"carousel\" aria-label=\"Carrusel d&#039;imatges\" dir=\"ltr\">\n\t\t\t<div class=\"elementor-image-carousel swiper-wrapper\" aria-live=\"off\">\n\t\t\t\t\t\t\t\t<div class=\"swiper-slide\" role=\"group\" aria-roledescription=\"slide\" aria-label=\"1 de 6\"><figure class=\"swiper-slide-inner\"><img decoding=\"async\" class=\"swiper-slide-image\" src=\"https:\/\/peakway.eu\/wp-content\/uploads\/elementor\/thumbs\/Logo-Consell-Vertical-1-qb4zwfqff922vv4zsgaqcib0dgre9c5uifzq3si318.jpg\" alt=\"Logos Consell 2019\" \/><\/figure><\/div><div class=\"swiper-slide\" role=\"group\" aria-roledescription=\"slide\" aria-label=\"2 de 6\"><figure class=\"swiper-slide-inner\"><img decoding=\"async\" class=\"swiper-slide-image\" src=\"https:\/\/peakway.eu\/wp-content\/uploads\/elementor\/thumbs\/Logo-CCBC-qb4zwesl8f0sk96cxxw3s0jjs2w11n246bc8mijh7g.png\" alt=\"Logo CCBC\" \/><\/figure><\/div><div class=\"swiper-slide\" role=\"group\" aria-roledescription=\"slide\" aria-label=\"3 de 6\"><figure class=\"swiper-slide-inner\"><img decoding=\"async\" class=\"swiper-slide-image\" src=\"https:\/\/peakway.eu\/wp-content\/uploads\/elementor\/thumbs\/ajcornella_colorCMYK_cen-300x221-1-qa7t4epj0uu02eictrlqxxzi2bkon4e2ko3a8ov5y4.jpg\" alt=\"ajcornella_colorCMYK_cen-300x221\" \/><\/figure><\/div><div class=\"swiper-slide\" role=\"group\" aria-roledescription=\"slide\" aria-label=\"4 de 6\"><figure class=\"swiper-slide-inner\"><img decoding=\"async\" class=\"swiper-slide-image\" src=\"https:\/\/peakway.eu\/wp-content\/uploads\/elementor\/thumbs\/logo_sj-300x221-1-qa7t4epj0uu02eictrlqxxzi2bkon4e2ko3a8ov5y4.jpg\" alt=\"logo_sj-300x221\" \/><\/figure><\/div><div class=\"swiper-slide\" role=\"group\" aria-roledescription=\"slide\" aria-label=\"5 de 6\"><figure class=\"swiper-slide-inner\"><img decoding=\"async\" class=\"swiper-slide-image\" src=\"https:\/\/peakway.eu\/wp-content\/uploads\/elementor\/thumbs\/AjuntamentdeCunit-300x221-1-qa7t4epj0uu02eictrlqxxzi2bkon4e2ko3a8ov5y4.webp\" alt=\"AjuntamentdeCunit-300x221\" \/><\/figure><\/div><div class=\"swiper-slide\" role=\"group\" aria-roledescription=\"slide\" aria-label=\"6 de 6\"><figure class=\"swiper-slide-inner\"><img decoding=\"async\" class=\"swiper-slide-image\" src=\"https:\/\/peakway.eu\/wp-content\/uploads\/2023\/07\/logo-salou-vertical.svg\" alt=\"logo-salou-vertical\" \/><\/figure><\/div>\t\t\t<\/div>\n\t\t\t\t\t\t\t\t\t\t\t\t<div class=\"elementor-swiper-button elementor-swiper-button-prev\" role=\"button\" tabindex=\"0\">\n\t\t\t\t\t\t<i aria-hidden=\"true\" class=\"eicon-chevron-left\"><\/i>\t\t\t\t\t<\/div>\n\t\t\t\t\t<div class=\"elementor-swiper-button elementor-swiper-button-next\" role=\"button\" tabindex=\"0\">\n\t\t\t\t\t\t<i aria-hidden=\"true\" class=\"eicon-chevron-right\"><\/i>\t\t\t\t\t<\/div>\n\t\t\t\t\n\t\t\t\t\t\t\t\t\t<div class=\"swiper-pagination\"><\/div>\n\t\t\t\t\t\t\t\t\t<\/div>\n\t\t\t\t\t\t<\/div>\n\t\t\t\t<\/div>\n\t\t\t\t\t<\/div>\n\t\t<\/div>\n\t\t\t\t\t<\/div>\n\t\t<\/section>\n\t\t\t\t\t<\/div>\n\t\t<\/div>\n\t\t\t\t\t<\/div>\n\t\t<\/section>\n\t\t\t\t<\/div>\n\t\t","protected":false},"excerpt":{"rendered":"<p>Aplicaci\u00f3 m\u00f2bil per a inspeccions Home Productes Aplicaci\u00f3 d&#8217;Inspeccions Automatitzaci\u00f3 de processos en mobilitat Digitalitzar processos en mobilitat pot semblar trivial, per\u00f2 amb els actuals sistemes de gesti\u00f3 d&#8217;expedients implantats al mercat no \u00e9s tan f\u00e0cil. Desenvolupem solucions en pocs dies, de manera r\u00e0pida i fins i tot formem els usuaris perqu\u00e8 puguin desenvolupar les [&hellip;]<\/p>\n","protected":false},"author":3,"featured_media":0,"parent":6132,"menu_order":0,"comment_status":"closed","ping_status":"closed","template":"","meta":{"inline_featured_image":false,"footnotes":""},"class_list":["post-6153","page","type-page","status-publish","hentry"],"yoast_head":"<!-- This site is optimized with the Yoast SEO plugin v27.4 - https:\/\/yoast.com\/product\/yoast-seo-wordpress\/ -->\n<title>Potencia l&#039;Efici\u00e8ncia amb Peakway<\/title>\n<meta name=\"description\" content=\"A Peakway, estem compromesos amb la transformaci\u00f3 digital empresarial. Els nostres serveis i solucions avan\u00e7ades ajuden les empreses a abra\u00e7ar la tecnologia, millorar l&#039;efici\u00e8ncia i prosperar a l&#039;era digital.\" \/>\n<meta name=\"robots\" content=\"index, follow, max-snippet:-1, max-image-preview:large, max-video-preview:-1\" \/>\n<link rel=\"canonical\" href=\"https:\/\/peakway.eu\/ca\/productes\/aplicacio-dinspeccions\/\" \/>\n<meta property=\"og:locale\" content=\"ca_ES\" \/>\n<meta property=\"og:type\" content=\"article\" \/>\n<meta property=\"og:title\" content=\"Potencia l&#039;Efici\u00e8ncia amb Peakway\" \/>\n<meta property=\"og:description\" content=\"A Peakway, estem compromesos amb la transformaci\u00f3 digital empresarial. Els nostres serveis i solucions avan\u00e7ades ajuden les empreses a abra\u00e7ar la tecnologia, millorar l&#039;efici\u00e8ncia i prosperar a l&#039;era digital.\" \/>\n<meta property=\"og:url\" content=\"https:\/\/peakway.eu\/ca\/productes\/aplicacio-dinspeccions\/\" \/>\n<meta property=\"og:site_name\" content=\"Peakway\" \/>\n<meta property=\"article:modified_time\" content=\"2024-06-11T08:18:56+00:00\" \/>\n<meta property=\"og:image\" content=\"https:\/\/peakway.eu\/wp-content\/uploads\/2023\/07\/1205044575263663.EhlI4m3Q2QLXZSWWGwG6_height640.png\" \/>\n<meta name=\"twitter:card\" content=\"summary_large_image\" \/>\n<meta name=\"twitter:label1\" content=\"Temps estimat de lectura\" \/>\n\t<meta name=\"twitter:data1\" content=\"4 minuts\" \/>\n<script type=\"application\/ld+json\" class=\"yoast-schema-graph\">{\"@context\":\"https:\\\/\\\/schema.org\",\"@graph\":[{\"@type\":\"WebPage\",\"@id\":\"https:\\\/\\\/peakway.eu\\\/ca\\\/productes\\\/aplicacio-dinspeccions\\\/\",\"url\":\"https:\\\/\\\/peakway.eu\\\/ca\\\/productes\\\/aplicacio-dinspeccions\\\/\",\"name\":\"Potencia l'Efici\u00e8ncia amb Peakway\",\"isPartOf\":{\"@id\":\"www.peakway.rwdesarrollos.es\\\/#website\"},\"primaryImageOfPage\":{\"@id\":\"https:\\\/\\\/peakway.eu\\\/ca\\\/productes\\\/aplicacio-dinspeccions\\\/#primaryimage\"},\"image\":{\"@id\":\"https:\\\/\\\/peakway.eu\\\/ca\\\/productes\\\/aplicacio-dinspeccions\\\/#primaryimage\"},\"thumbnailUrl\":\"https:\\\/\\\/peakway.eu\\\/wp-content\\\/uploads\\\/2023\\\/07\\\/1205044575263663.EhlI4m3Q2QLXZSWWGwG6_height640.png\",\"datePublished\":\"2023-08-02T15:30:21+00:00\",\"dateModified\":\"2024-06-11T08:18:56+00:00\",\"description\":\"A Peakway, estem compromesos amb la transformaci\u00f3 digital empresarial. Els nostres serveis i solucions avan\u00e7ades ajuden les empreses a abra\u00e7ar la tecnologia, millorar l'efici\u00e8ncia i prosperar a l'era digital.\",\"breadcrumb\":{\"@id\":\"https:\\\/\\\/peakway.eu\\\/ca\\\/productes\\\/aplicacio-dinspeccions\\\/#breadcrumb\"},\"inLanguage\":\"ca\",\"potentialAction\":[{\"@type\":\"ReadAction\",\"target\":[\"https:\\\/\\\/peakway.eu\\\/ca\\\/productes\\\/aplicacio-dinspeccions\\\/\"]}]},{\"@type\":\"ImageObject\",\"inLanguage\":\"ca\",\"@id\":\"https:\\\/\\\/peakway.eu\\\/ca\\\/productes\\\/aplicacio-dinspeccions\\\/#primaryimage\",\"url\":\"https:\\\/\\\/peakway.eu\\\/wp-content\\\/uploads\\\/2023\\\/07\\\/1205044575263663.EhlI4m3Q2QLXZSWWGwG6_height640.png\",\"contentUrl\":\"https:\\\/\\\/peakway.eu\\\/wp-content\\\/uploads\\\/2023\\\/07\\\/1205044575263663.EhlI4m3Q2QLXZSWWGwG6_height640.png\"},{\"@type\":\"BreadcrumbList\",\"@id\":\"https:\\\/\\\/peakway.eu\\\/ca\\\/productes\\\/aplicacio-dinspeccions\\\/#breadcrumb\",\"itemListElement\":[{\"@type\":\"ListItem\",\"position\":1,\"name\":\"Home\",\"item\":\"https:\\\/\\\/peakway.eu\\\/\"},{\"@type\":\"ListItem\",\"position\":2,\"name\":\"Productes\",\"item\":\"https:\\\/\\\/peakway.eu\\\/ca\\\/productes\\\/\"},{\"@type\":\"ListItem\",\"position\":3,\"name\":\"Aplicaci\u00f3 d&#8217;Inspeccions\"}]},{\"@type\":\"WebSite\",\"@id\":\"www.peakway.rwdesarrollos.es\\\/#website\",\"url\":\"www.peakway.rwdesarrollos.es\\\/\",\"name\":\"Peakway\",\"description\":\"\",\"potentialAction\":[{\"@type\":\"SearchAction\",\"target\":{\"@type\":\"EntryPoint\",\"urlTemplate\":\"www.peakway.rwdesarrollos.es\\\/?s={search_term_string}\"},\"query-input\":{\"@type\":\"PropertyValueSpecification\",\"valueRequired\":true,\"valueName\":\"search_term_string\"}}],\"inLanguage\":\"ca\"}]}<\/script>\n<!-- \/ Yoast SEO plugin. -->","yoast_head_json":{"title":"Potencia l'Efici\u00e8ncia amb Peakway","description":"A Peakway, estem compromesos amb la transformaci\u00f3 digital empresarial. Els nostres serveis i solucions avan\u00e7ades ajuden les empreses a abra\u00e7ar la tecnologia, millorar l'efici\u00e8ncia i prosperar a l'era digital.","robots":{"index":"index","follow":"follow","max-snippet":"max-snippet:-1","max-image-preview":"max-image-preview:large","max-video-preview":"max-video-preview:-1"},"canonical":"https:\/\/peakway.eu\/ca\/productes\/aplicacio-dinspeccions\/","og_locale":"ca_ES","og_type":"article","og_title":"Potencia l'Efici\u00e8ncia amb Peakway","og_description":"A Peakway, estem compromesos amb la transformaci\u00f3 digital empresarial. Els nostres serveis i solucions avan\u00e7ades ajuden les empreses a abra\u00e7ar la tecnologia, millorar l'efici\u00e8ncia i prosperar a l'era digital.","og_url":"https:\/\/peakway.eu\/ca\/productes\/aplicacio-dinspeccions\/","og_site_name":"Peakway","article_modified_time":"2024-06-11T08:18:56+00:00","og_image":[{"url":"https:\/\/peakway.eu\/wp-content\/uploads\/2023\/07\/1205044575263663.EhlI4m3Q2QLXZSWWGwG6_height640.png","type":"","width":"","height":""}],"twitter_card":"summary_large_image","twitter_misc":{"Temps estimat de lectura":"4 minuts"},"schema":{"@context":"https:\/\/schema.org","@graph":[{"@type":"WebPage","@id":"https:\/\/peakway.eu\/ca\/productes\/aplicacio-dinspeccions\/","url":"https:\/\/peakway.eu\/ca\/productes\/aplicacio-dinspeccions\/","name":"Potencia l'Efici\u00e8ncia amb Peakway","isPartOf":{"@id":"www.peakway.rwdesarrollos.es\/#website"},"primaryImageOfPage":{"@id":"https:\/\/peakway.eu\/ca\/productes\/aplicacio-dinspeccions\/#primaryimage"},"image":{"@id":"https:\/\/peakway.eu\/ca\/productes\/aplicacio-dinspeccions\/#primaryimage"},"thumbnailUrl":"https:\/\/peakway.eu\/wp-content\/uploads\/2023\/07\/1205044575263663.EhlI4m3Q2QLXZSWWGwG6_height640.png","datePublished":"2023-08-02T15:30:21+00:00","dateModified":"2024-06-11T08:18:56+00:00","description":"A Peakway, estem compromesos amb la transformaci\u00f3 digital empresarial. Els nostres serveis i solucions avan\u00e7ades ajuden les empreses a abra\u00e7ar la tecnologia, millorar l'efici\u00e8ncia i prosperar a l'era digital.","breadcrumb":{"@id":"https:\/\/peakway.eu\/ca\/productes\/aplicacio-dinspeccions\/#breadcrumb"},"inLanguage":"ca","potentialAction":[{"@type":"ReadAction","target":["https:\/\/peakway.eu\/ca\/productes\/aplicacio-dinspeccions\/"]}]},{"@type":"ImageObject","inLanguage":"ca","@id":"https:\/\/peakway.eu\/ca\/productes\/aplicacio-dinspeccions\/#primaryimage","url":"https:\/\/peakway.eu\/wp-content\/uploads\/2023\/07\/1205044575263663.EhlI4m3Q2QLXZSWWGwG6_height640.png","contentUrl":"https:\/\/peakway.eu\/wp-content\/uploads\/2023\/07\/1205044575263663.EhlI4m3Q2QLXZSWWGwG6_height640.png"},{"@type":"BreadcrumbList","@id":"https:\/\/peakway.eu\/ca\/productes\/aplicacio-dinspeccions\/#breadcrumb","itemListElement":[{"@type":"ListItem","position":1,"name":"Home","item":"https:\/\/peakway.eu\/"},{"@type":"ListItem","position":2,"name":"Productes","item":"https:\/\/peakway.eu\/ca\/productes\/"},{"@type":"ListItem","position":3,"name":"Aplicaci\u00f3 d&#8217;Inspeccions"}]},{"@type":"WebSite","@id":"www.peakway.rwdesarrollos.es\/#website","url":"www.peakway.rwdesarrollos.es\/","name":"Peakway","description":"","potentialAction":[{"@type":"SearchAction","target":{"@type":"EntryPoint","urlTemplate":"www.peakway.rwdesarrollos.es\/?s={search_term_string}"},"query-input":{"@type":"PropertyValueSpecification","valueRequired":true,"valueName":"search_term_string"}}],"inLanguage":"ca"}]}},"_links":{"self":[{"href":"https:\/\/peakway.eu\/ca\/wp-json\/wp\/v2\/pages\/6153","targetHints":{"allow":["GET"]}}],"collection":[{"href":"https:\/\/peakway.eu\/ca\/wp-json\/wp\/v2\/pages"}],"about":[{"href":"https:\/\/peakway.eu\/ca\/wp-json\/wp\/v2\/types\/page"}],"author":[{"embeddable":true,"href":"https:\/\/peakway.eu\/ca\/wp-json\/wp\/v2\/users\/3"}],"replies":[{"embeddable":true,"href":"https:\/\/peakway.eu\/ca\/wp-json\/wp\/v2\/comments?post=6153"}],"version-history":[{"count":13,"href":"https:\/\/peakway.eu\/ca\/wp-json\/wp\/v2\/pages\/6153\/revisions"}],"predecessor-version":[{"id":7428,"href":"https:\/\/peakway.eu\/ca\/wp-json\/wp\/v2\/pages\/6153\/revisions\/7428"}],"up":[{"embeddable":true,"href":"https:\/\/peakway.eu\/ca\/wp-json\/wp\/v2\/pages\/6132"}],"wp:attachment":[{"href":"https:\/\/peakway.eu\/ca\/wp-json\/wp\/v2\/media?parent=6153"}],"curies":[{"name":"wp","href":"https:\/\/api.w.org\/{rel}","templated":true}]}}