{"id":7128,"date":"2024-06-05T12:40:47","date_gmt":"2024-06-05T11:40:47","guid":{"rendered":"https:\/\/peakway.eu\/productes\/werifid\/"},"modified":"2024-06-11T09:17:17","modified_gmt":"2024-06-11T08:17:17","slug":"werifid","status":"publish","type":"page","link":"https:\/\/peakway.eu\/ca\/productes\/werifid\/","title":{"rendered":"Werifid"},"content":{"rendered":"\t\t<div data-elementor-type=\"wp-page\" data-elementor-id=\"7128\" class=\"elementor elementor-7128\" data-elementor-post-type=\"page\">\n\t\t\t\t\t\t<section class=\"elementor-section elementor-top-section elementor-element elementor-element-287b78be elementor-section-height-min-height elementor-section-boxed elementor-section-height-default elementor-section-items-middle\" data-id=\"287b78be\" data-element_type=\"section\" data-e-type=\"section\" data-settings=\"{&quot;background_background&quot;:&quot;classic&quot;}\">\n\t\t\t\t\t\t<div class=\"elementor-container elementor-column-gap-default\">\n\t\t\t\t\t<div class=\"elementor-column elementor-col-100 elementor-top-column elementor-element elementor-element-38cd2afc\" data-id=\"38cd2afc\" data-element_type=\"column\" data-e-type=\"column\">\n\t\t\t<div class=\"elementor-widget-wrap elementor-element-populated\">\n\t\t\t\t\t\t<div class=\"elementor-element elementor-element-72b5581f elementor-widget elementor-widget-heading\" data-id=\"72b5581f\" data-element_type=\"widget\" data-e-type=\"widget\" data-widget_type=\"heading.default\">\n\t\t\t\t<div class=\"elementor-widget-container\">\n\t\t\t\t\t<h1 class=\"elementor-heading-title elementor-size-default\">Werifid<\/h1>\t\t\t\t<\/div>\n\t\t\t\t<\/div>\n\t\t\t\t<div class=\"elementor-element elementor-element-666bb56f elementor-widget elementor-widget-breadcrumb_widget\" data-id=\"666bb56f\" data-element_type=\"widget\" data-e-type=\"widget\" data-widget_type=\"breadcrumb_widget.default\">\n\t\t\t\t<div class=\"elementor-widget-container\">\n\t\t\t\t\t<div class=\"pb-breadcrumb\">\r\n\t<a>Home<\/a>\r\n\t<i class=\"fal fa-chevron-right\"><\/i>\r\n\t\t<a>Productes<\/a>\r\n\t<i class=\"fal fa-chevron-right\"><\/i>\r\n\t\t<a>Werifid<\/a>\r\n<\/div>\t\t\t\t<\/div>\n\t\t\t\t<\/div>\n\t\t\t\t\t<\/div>\n\t\t<\/div>\n\t\t\t\t\t<\/div>\n\t\t<\/section>\n\t\t\t\t<section class=\"elementor-section elementor-top-section elementor-element elementor-element-7acd87a2 elementor-section-boxed elementor-section-height-default elementor-section-height-default\" data-id=\"7acd87a2\" data-element_type=\"section\" data-e-type=\"section\">\n\t\t\t\t\t\t<div class=\"elementor-container elementor-column-gap-default\">\n\t\t\t\t\t<div class=\"elementor-column elementor-col-100 elementor-top-column elementor-element elementor-element-3cef3a43\" data-id=\"3cef3a43\" data-element_type=\"column\" data-e-type=\"column\">\n\t\t\t<div class=\"elementor-widget-wrap elementor-element-populated\">\n\t\t\t\t\t\t<section class=\"elementor-section elementor-inner-section elementor-element elementor-element-2104be3 elementor-section-boxed elementor-section-height-default elementor-section-height-default\" data-id=\"2104be3\" data-element_type=\"section\" data-e-type=\"section\">\n\t\t\t\t\t\t<div class=\"elementor-container elementor-column-gap-default\">\n\t\t\t\t\t<div class=\"elementor-column elementor-col-100 elementor-inner-column elementor-element elementor-element-5d69718d\" data-id=\"5d69718d\" data-element_type=\"column\" data-e-type=\"column\">\n\t\t\t<div class=\"elementor-widget-wrap elementor-element-populated\">\n\t\t\t\t\t\t<div class=\"elementor-element elementor-element-34b0bb5b elementor-widget elementor-widget-heading\" data-id=\"34b0bb5b\" data-element_type=\"widget\" data-e-type=\"widget\" data-widget_type=\"heading.default\">\n\t\t\t\t<div class=\"elementor-widget-container\">\n\t\t\t\t\t<h5 class=\"elementor-heading-title elementor-size-default\">Werifid, una plataforma no-code de Verificaci\u00f3 de Credencials d'alt rendiment per aplicar el paradigma SSI en entorns reals d'aplicacions de negoci.<\/h5>\t\t\t\t<\/div>\n\t\t\t\t<\/div>\n\t\t\t\t\t<\/div>\n\t\t<\/div>\n\t\t\t\t\t<\/div>\n\t\t<\/section>\n\t\t\t\t<section class=\"elementor-section elementor-inner-section elementor-element elementor-element-4223f80 elementor-section-boxed elementor-section-height-default elementor-section-height-default\" data-id=\"4223f80\" data-element_type=\"section\" data-e-type=\"section\">\n\t\t\t\t\t\t<div class=\"elementor-container elementor-column-gap-default\">\n\t\t\t\t\t<div class=\"elementor-column elementor-col-100 elementor-inner-column elementor-element elementor-element-10c02f3e\" data-id=\"10c02f3e\" data-element_type=\"column\" data-e-type=\"column\">\n\t\t\t<div class=\"elementor-widget-wrap elementor-element-populated\">\n\t\t\t\t\t\t<div class=\"elementor-element elementor-element-7a7acaf0 elementor-widget elementor-widget-text-editor\" data-id=\"7a7acaf0\" data-element_type=\"widget\" data-e-type=\"widget\" data-widget_type=\"text-editor.default\">\n\t\t\t\t<div class=\"elementor-widget-container\">\n\t\t\t\t\t\t\t\t\t<p>Les <strong>solucions SSI<\/strong> estan centrant-se en els escenaris d&#8217;emissi\u00f3 i\/o desenvolupar <strong>wallets<\/strong>. Per\u00f2 no estan dimensionades per gestionar grans volums de verificacions, i es queden curtes i lentes si volem sol\u00b7licitar al titular diverses de les seves <strong>credencials verificables<\/strong> de diferents tipus i origen en un sol proc\u00e9s. I at\u00e8s que SSI implica interactuar amb els usuaris titulars de les credencials, tots dos aspectes s\u00f3n imprescindibles per desplegar casos d&#8217;\u00fas en producci\u00f3.<\/p>\n<p><strong>Werifid<\/strong> permet dissenyar <strong>regles<\/strong> flexibles per sol\u00b7licitar <strong>combinacions <\/strong>de credencials i desplegar <strong><em>Werify Points<\/em><\/strong> \u2013 Punts de Verificaci\u00f3 r\u00e0pida operador-titular de credencials verificables \u2013 VCs. Simplement compartint la regla, podem convertir qualsevol dispositiu m\u00f2bil \/ tablet \/ web \/ quiosc en un terminal de control i punt de sol\u00b7licitud i verificaci\u00f3, mentre registra al seu backend les operacions v\u00e0lides i fallides de verificaci\u00f3 de credencials d&#8217;identitat i\/o atestacions d&#8217;atribut ; i permet integrar-les a l&#8217;operativa de les aplicacions de negoci.<\/p>\n<p>El SSI \u00e9s un paradigma d&#8217;identitat per a la Web3 que centra el control de la pr\u00f2pia informaci\u00f3 al voltant de la persona i l&#8217;empodera per gestionar-la i compartir-la de forma senzilla i segura, i aix\u00ed el converteix en un element actiu i conscient d&#8217;interoperabilitat, de forma que compleix per disseny amb el RGPD, la privadesa i confidencialitat de la comunicaci\u00f3.<\/p>\n<p>Aquesta informaci\u00f3 pr\u00f2pia s&#8217;estructura en credencials verificables (VC) dissenyades perqu\u00e8 es puguin presentar f\u00e0cilment i verificar-ne l&#8217;autenticitat (integritat i originalitat) de forma automatitzada en processos d&#8217;identificaci\u00f3, autenticaci\u00f3 o autoritzaci\u00f3, de forma m\u00e9s segura i usable, des del vostre wallet de identitat al m\u00f2bil, sense possibilitat de suplantaci\u00f3 de l&#8217;usuari i sense haver de fer \u00fas de passwords ni dobles factors per SMS.<\/p>\n<p>Les VC certifiquen atributs complementaris a la nostra Identitat Digital, per atestar la nostra condici\u00f3 com <strong>c<\/strong>iutad\u00e0, <strong>c<\/strong>onsumidor, <strong>c<\/strong>lient, <strong>t<\/strong>reballador, <strong>e<\/strong>studiant, <strong>t<\/strong>itulat, <strong>a<\/strong>ssegurat, <strong>p<\/strong>acient, etc; per\u00f2 tamb\u00e9 permet atestacions d&#8217;atributs molt espec\u00edfiques (<strong>m<\/strong>ajor d&#8217;edat, \u201cproof or residence\u201d \u2013 similar a volant de padr\u00f3; <strong>f<\/strong>am\u00edlia <strong>n<\/strong>umerosa o n\u00famero de cohabitants, \u201csituaci\u00f3 d&#8217;exclusin\u201d, col\u00b7legiat habilitat \u2013 \u201clicence to work\u201d, par\u00e0metres cl\u00ednics \u2013 al\u00b7l\u00e8rgies, cr\u00f2nics, etc) que ajuden a enlla\u00e7ar amb les aplicacions d&#8217;atenci\u00f3 al ciutad\u00e0, client o usuari compartint les credencials pertinents al tr\u00e0mit que es vol completar i automatitzar.<\/p>\n\t\t\t\t\t\t\t\t<\/div>\n\t\t\t\t<\/div>\n\t\t\t\t\t<\/div>\n\t\t<\/div>\n\t\t\t\t\t<\/div>\n\t\t<\/section>\n\t\t\t\t\t<\/div>\n\t\t<\/div>\n\t\t\t\t\t<\/div>\n\t\t<\/section>\n\t\t\t\t<section class=\"elementor-section elementor-top-section elementor-element elementor-element-6221cfe elementor-section-boxed elementor-section-height-default elementor-section-height-default\" data-id=\"6221cfe\" data-element_type=\"section\" data-e-type=\"section\">\n\t\t\t\t\t\t<div class=\"elementor-container elementor-column-gap-default\">\n\t\t\t\t\t<div class=\"elementor-column elementor-col-100 elementor-top-column elementor-element elementor-element-50b8c1d\" data-id=\"50b8c1d\" data-element_type=\"column\" data-e-type=\"column\">\n\t\t\t<div class=\"elementor-widget-wrap elementor-element-populated\">\n\t\t\t\t\t\t<div class=\"elementor-element elementor-element-700dd88 elementor-arrows-position-inside elementor-widget elementor-widget-image-carousel\" data-id=\"700dd88\" data-element_type=\"widget\" data-e-type=\"widget\" data-settings=\"{&quot;slides_to_show&quot;:&quot;1&quot;,&quot;navigation&quot;:&quot;arrows&quot;,&quot;autoplay&quot;:&quot;yes&quot;,&quot;pause_on_hover&quot;:&quot;yes&quot;,&quot;pause_on_interaction&quot;:&quot;yes&quot;,&quot;autoplay_speed&quot;:5000,&quot;infinite&quot;:&quot;yes&quot;,&quot;effect&quot;:&quot;slide&quot;,&quot;speed&quot;:500}\" data-widget_type=\"image-carousel.default\">\n\t\t\t\t<div class=\"elementor-widget-container\">\n\t\t\t\t\t\t\t<div class=\"elementor-image-carousel-wrapper swiper\" role=\"region\" aria-roledescription=\"carousel\" aria-label=\"Carrusel d&#039;imatges\" dir=\"ltr\">\n\t\t\t<div class=\"elementor-image-carousel swiper-wrapper\" aria-live=\"off\">\n\t\t\t\t\t\t\t\t<div class=\"swiper-slide\" role=\"group\" aria-roledescription=\"slide\" aria-label=\"1 de 2\"><figure class=\"swiper-slide-inner\"><img decoding=\"async\" class=\"swiper-slide-image\" src=\"https:\/\/peakway.eu\/wp-content\/uploads\/2023\/10\/phone.werify-1-524x1024.png\" alt=\"phone.werify\" \/><\/figure><\/div><div class=\"swiper-slide\" role=\"group\" aria-roledescription=\"slide\" aria-label=\"2 de 2\"><figure class=\"swiper-slide-inner\"><img decoding=\"async\" class=\"swiper-slide-image\" src=\"https:\/\/peakway.eu\/wp-content\/uploads\/2023\/10\/phone.a11196199afa871eb4e7-528x1024.png\" alt=\"phone.a11196199afa871eb4e7\" \/><\/figure><\/div>\t\t\t<\/div>\n\t\t\t\t\t\t\t\t\t\t\t\t<div class=\"elementor-swiper-button elementor-swiper-button-prev\" role=\"button\" tabindex=\"0\">\n\t\t\t\t\t\t<i aria-hidden=\"true\" class=\"eicon-chevron-left\"><\/i>\t\t\t\t\t<\/div>\n\t\t\t\t\t<div class=\"elementor-swiper-button elementor-swiper-button-next\" role=\"button\" tabindex=\"0\">\n\t\t\t\t\t\t<i aria-hidden=\"true\" class=\"eicon-chevron-right\"><\/i>\t\t\t\t\t<\/div>\n\t\t\t\t\n\t\t\t\t\t\t\t\t\t<\/div>\n\t\t\t\t\t\t<\/div>\n\t\t\t\t<\/div>\n\t\t\t\t\t<\/div>\n\t\t<\/div>\n\t\t\t\t\t<\/div>\n\t\t<\/section>\n\t\t\t\t<section class=\"elementor-section elementor-top-section elementor-element elementor-element-102bc41 elementor-section-boxed elementor-section-height-default elementor-section-height-default\" data-id=\"102bc41\" data-element_type=\"section\" data-e-type=\"section\">\n\t\t\t\t\t\t<div class=\"elementor-container elementor-column-gap-default\">\n\t\t\t\t\t<div class=\"elementor-column elementor-col-100 elementor-top-column elementor-element elementor-element-ce72a5f\" data-id=\"ce72a5f\" data-element_type=\"column\" data-e-type=\"column\">\n\t\t\t<div class=\"elementor-widget-wrap elementor-element-populated\">\n\t\t\t\t\t\t<section class=\"elementor-section elementor-inner-section elementor-element elementor-element-40baed9 elementor-section-boxed elementor-section-height-default elementor-section-height-default\" data-id=\"40baed9\" data-element_type=\"section\" data-e-type=\"section\">\n\t\t\t\t\t\t<div class=\"elementor-container elementor-column-gap-default\">\n\t\t\t\t\t<div class=\"elementor-column elementor-col-100 elementor-inner-column elementor-element elementor-element-d0acf3a\" data-id=\"d0acf3a\" data-element_type=\"column\" data-e-type=\"column\">\n\t\t\t<div class=\"elementor-widget-wrap elementor-element-populated\">\n\t\t\t\t\t\t\t<\/div>\n\t\t<\/div>\n\t\t\t\t\t<\/div>\n\t\t<\/section>\n\t\t\t\t\t<\/div>\n\t\t<\/div>\n\t\t\t\t\t<\/div>\n\t\t<\/section>\n\t\t\t\t<\/div>\n\t\t","protected":false},"excerpt":{"rendered":"<p>Werifid Home Productes Werifid Werifid, una plataforma no-code de Verificaci\u00f3 de Credencials d&#8217;alt rendiment per aplicar el paradigma SSI en entorns reals d&#8217;aplicacions de negoci. Les solucions SSI estan centrant-se en els escenaris d&#8217;emissi\u00f3 i\/o desenvolupar wallets. Per\u00f2 no estan dimensionades per gestionar grans volums de verificacions, i es queden curtes i lentes si volem [&hellip;]<\/p>\n","protected":false},"author":3,"featured_media":0,"parent":6132,"menu_order":0,"comment_status":"closed","ping_status":"closed","template":"","meta":{"inline_featured_image":false,"footnotes":""},"class_list":["post-7128","page","type-page","status-publish","hentry"],"yoast_head":"<!-- This site is optimized with the Yoast SEO plugin v27.4 - https:\/\/yoast.com\/product\/yoast-seo-wordpress\/ -->\n<title>Peakway: Transformaci\u00f3 Digital Empresarial i Firma Electr\u00f2nica<\/title>\n<meta name=\"description\" content=\"Peakway: Liderant la Transformaci\u00f3 Digital Empresarial amb Firma de Documents Electr\u00f2nics. Descobreix com la nostra plataforma innovadora ajuda empreses a agilitzar processos i augmentar la seguretat en la signatura de documents.\" \/>\n<meta name=\"robots\" content=\"index, follow, max-snippet:-1, max-image-preview:large, max-video-preview:-1\" \/>\n<link rel=\"canonical\" href=\"https:\/\/peakway.eu\/ca\/productes\/werifid\/\" \/>\n<meta property=\"og:locale\" content=\"ca_ES\" \/>\n<meta property=\"og:type\" content=\"article\" \/>\n<meta property=\"og:title\" content=\"Peakway: Transformaci\u00f3 Digital Empresarial i Firma Electr\u00f2nica\" \/>\n<meta property=\"og:description\" content=\"Peakway: Liderant la Transformaci\u00f3 Digital Empresarial amb Firma de Documents Electr\u00f2nics. Descobreix com la nostra plataforma innovadora ajuda empreses a agilitzar processos i augmentar la seguretat en la signatura de documents.\" \/>\n<meta property=\"og:url\" content=\"https:\/\/peakway.eu\/ca\/productes\/werifid\/\" \/>\n<meta property=\"og:site_name\" content=\"Peakway\" \/>\n<meta property=\"article:modified_time\" content=\"2024-06-11T08:17:17+00:00\" \/>\n<meta property=\"og:image\" content=\"https:\/\/peakway.eu\/wp-content\/uploads\/2023\/10\/phone.werify-1-524x1024.png\" \/>\n<meta name=\"twitter:card\" content=\"summary_large_image\" \/>\n<meta name=\"twitter:label1\" content=\"Temps estimat de lectura\" \/>\n\t<meta name=\"twitter:data1\" content=\"3 minuts\" \/>\n<script type=\"application\/ld+json\" class=\"yoast-schema-graph\">{\"@context\":\"https:\\\/\\\/schema.org\",\"@graph\":[{\"@type\":\"WebPage\",\"@id\":\"https:\\\/\\\/peakway.eu\\\/ca\\\/productes\\\/werifid\\\/\",\"url\":\"https:\\\/\\\/peakway.eu\\\/ca\\\/productes\\\/werifid\\\/\",\"name\":\"Peakway: Transformaci\u00f3 Digital Empresarial i Firma Electr\u00f2nica\",\"isPartOf\":{\"@id\":\"www.peakway.rwdesarrollos.es\\\/#website\"},\"primaryImageOfPage\":{\"@id\":\"https:\\\/\\\/peakway.eu\\\/ca\\\/productes\\\/werifid\\\/#primaryimage\"},\"image\":{\"@id\":\"https:\\\/\\\/peakway.eu\\\/ca\\\/productes\\\/werifid\\\/#primaryimage\"},\"thumbnailUrl\":\"https:\\\/\\\/peakway.eu\\\/wp-content\\\/uploads\\\/2023\\\/10\\\/phone.werify-1-524x1024.png\",\"datePublished\":\"2024-06-05T11:40:47+00:00\",\"dateModified\":\"2024-06-11T08:17:17+00:00\",\"description\":\"Peakway: Liderant la Transformaci\u00f3 Digital Empresarial amb Firma de Documents Electr\u00f2nics. Descobreix com la nostra plataforma innovadora ajuda empreses a agilitzar processos i augmentar la seguretat en la signatura de documents.\",\"breadcrumb\":{\"@id\":\"https:\\\/\\\/peakway.eu\\\/ca\\\/productes\\\/werifid\\\/#breadcrumb\"},\"inLanguage\":\"ca\",\"potentialAction\":[{\"@type\":\"ReadAction\",\"target\":[\"https:\\\/\\\/peakway.eu\\\/ca\\\/productes\\\/werifid\\\/\"]}]},{\"@type\":\"ImageObject\",\"inLanguage\":\"ca\",\"@id\":\"https:\\\/\\\/peakway.eu\\\/ca\\\/productes\\\/werifid\\\/#primaryimage\",\"url\":\"https:\\\/\\\/peakway.eu\\\/wp-content\\\/uploads\\\/2023\\\/10\\\/phone.werify-1-524x1024.png\",\"contentUrl\":\"https:\\\/\\\/peakway.eu\\\/wp-content\\\/uploads\\\/2023\\\/10\\\/phone.werify-1-524x1024.png\"},{\"@type\":\"BreadcrumbList\",\"@id\":\"https:\\\/\\\/peakway.eu\\\/ca\\\/productes\\\/werifid\\\/#breadcrumb\",\"itemListElement\":[{\"@type\":\"ListItem\",\"position\":1,\"name\":\"Home\",\"item\":\"https:\\\/\\\/peakway.eu\\\/\"},{\"@type\":\"ListItem\",\"position\":2,\"name\":\"Productes\",\"item\":\"https:\\\/\\\/peakway.eu\\\/ca\\\/productes\\\/\"},{\"@type\":\"ListItem\",\"position\":3,\"name\":\"Werifid\"}]},{\"@type\":\"WebSite\",\"@id\":\"www.peakway.rwdesarrollos.es\\\/#website\",\"url\":\"www.peakway.rwdesarrollos.es\\\/\",\"name\":\"Peakway\",\"description\":\"\",\"potentialAction\":[{\"@type\":\"SearchAction\",\"target\":{\"@type\":\"EntryPoint\",\"urlTemplate\":\"www.peakway.rwdesarrollos.es\\\/?s={search_term_string}\"},\"query-input\":{\"@type\":\"PropertyValueSpecification\",\"valueRequired\":true,\"valueName\":\"search_term_string\"}}],\"inLanguage\":\"ca\"}]}<\/script>\n<!-- \/ Yoast SEO plugin. -->","yoast_head_json":{"title":"Peakway: Transformaci\u00f3 Digital Empresarial i Firma Electr\u00f2nica","description":"Peakway: Liderant la Transformaci\u00f3 Digital Empresarial amb Firma de Documents Electr\u00f2nics. Descobreix com la nostra plataforma innovadora ajuda empreses a agilitzar processos i augmentar la seguretat en la signatura de documents.","robots":{"index":"index","follow":"follow","max-snippet":"max-snippet:-1","max-image-preview":"max-image-preview:large","max-video-preview":"max-video-preview:-1"},"canonical":"https:\/\/peakway.eu\/ca\/productes\/werifid\/","og_locale":"ca_ES","og_type":"article","og_title":"Peakway: Transformaci\u00f3 Digital Empresarial i Firma Electr\u00f2nica","og_description":"Peakway: Liderant la Transformaci\u00f3 Digital Empresarial amb Firma de Documents Electr\u00f2nics. Descobreix com la nostra plataforma innovadora ajuda empreses a agilitzar processos i augmentar la seguretat en la signatura de documents.","og_url":"https:\/\/peakway.eu\/ca\/productes\/werifid\/","og_site_name":"Peakway","article_modified_time":"2024-06-11T08:17:17+00:00","og_image":[{"url":"https:\/\/peakway.eu\/wp-content\/uploads\/2023\/10\/phone.werify-1-524x1024.png","type":"","width":"","height":""}],"twitter_card":"summary_large_image","twitter_misc":{"Temps estimat de lectura":"3 minuts"},"schema":{"@context":"https:\/\/schema.org","@graph":[{"@type":"WebPage","@id":"https:\/\/peakway.eu\/ca\/productes\/werifid\/","url":"https:\/\/peakway.eu\/ca\/productes\/werifid\/","name":"Peakway: Transformaci\u00f3 Digital Empresarial i Firma Electr\u00f2nica","isPartOf":{"@id":"www.peakway.rwdesarrollos.es\/#website"},"primaryImageOfPage":{"@id":"https:\/\/peakway.eu\/ca\/productes\/werifid\/#primaryimage"},"image":{"@id":"https:\/\/peakway.eu\/ca\/productes\/werifid\/#primaryimage"},"thumbnailUrl":"https:\/\/peakway.eu\/wp-content\/uploads\/2023\/10\/phone.werify-1-524x1024.png","datePublished":"2024-06-05T11:40:47+00:00","dateModified":"2024-06-11T08:17:17+00:00","description":"Peakway: Liderant la Transformaci\u00f3 Digital Empresarial amb Firma de Documents Electr\u00f2nics. Descobreix com la nostra plataforma innovadora ajuda empreses a agilitzar processos i augmentar la seguretat en la signatura de documents.","breadcrumb":{"@id":"https:\/\/peakway.eu\/ca\/productes\/werifid\/#breadcrumb"},"inLanguage":"ca","potentialAction":[{"@type":"ReadAction","target":["https:\/\/peakway.eu\/ca\/productes\/werifid\/"]}]},{"@type":"ImageObject","inLanguage":"ca","@id":"https:\/\/peakway.eu\/ca\/productes\/werifid\/#primaryimage","url":"https:\/\/peakway.eu\/wp-content\/uploads\/2023\/10\/phone.werify-1-524x1024.png","contentUrl":"https:\/\/peakway.eu\/wp-content\/uploads\/2023\/10\/phone.werify-1-524x1024.png"},{"@type":"BreadcrumbList","@id":"https:\/\/peakway.eu\/ca\/productes\/werifid\/#breadcrumb","itemListElement":[{"@type":"ListItem","position":1,"name":"Home","item":"https:\/\/peakway.eu\/"},{"@type":"ListItem","position":2,"name":"Productes","item":"https:\/\/peakway.eu\/ca\/productes\/"},{"@type":"ListItem","position":3,"name":"Werifid"}]},{"@type":"WebSite","@id":"www.peakway.rwdesarrollos.es\/#website","url":"www.peakway.rwdesarrollos.es\/","name":"Peakway","description":"","potentialAction":[{"@type":"SearchAction","target":{"@type":"EntryPoint","urlTemplate":"www.peakway.rwdesarrollos.es\/?s={search_term_string}"},"query-input":{"@type":"PropertyValueSpecification","valueRequired":true,"valueName":"search_term_string"}}],"inLanguage":"ca"}]}},"_links":{"self":[{"href":"https:\/\/peakway.eu\/ca\/wp-json\/wp\/v2\/pages\/7128","targetHints":{"allow":["GET"]}}],"collection":[{"href":"https:\/\/peakway.eu\/ca\/wp-json\/wp\/v2\/pages"}],"about":[{"href":"https:\/\/peakway.eu\/ca\/wp-json\/wp\/v2\/types\/page"}],"author":[{"embeddable":true,"href":"https:\/\/peakway.eu\/ca\/wp-json\/wp\/v2\/users\/3"}],"replies":[{"embeddable":true,"href":"https:\/\/peakway.eu\/ca\/wp-json\/wp\/v2\/comments?post=7128"}],"version-history":[{"count":12,"href":"https:\/\/peakway.eu\/ca\/wp-json\/wp\/v2\/pages\/7128\/revisions"}],"predecessor-version":[{"id":7425,"href":"https:\/\/peakway.eu\/ca\/wp-json\/wp\/v2\/pages\/7128\/revisions\/7425"}],"up":[{"embeddable":true,"href":"https:\/\/peakway.eu\/ca\/wp-json\/wp\/v2\/pages\/6132"}],"wp:attachment":[{"href":"https:\/\/peakway.eu\/ca\/wp-json\/wp\/v2\/media?parent=7128"}],"curies":[{"name":"wp","href":"https:\/\/api.w.org\/{rel}","templated":true}]}}